{"id":4345,"date":"2025-09-14T16:27:15","date_gmt":"2025-09-14T16:27:15","guid":{"rendered":"https:\/\/bpuntostudio.com\/?post_type=product&#038;p=4345"},"modified":"2025-09-14T16:27:15","modified_gmt":"2025-09-14T16:27:15","slug":"altered-nature","status":"publish","type":"product","link":"https:\/\/bpuntostudio.com\/en\/product\/altered-nature","title":{"rendered":"Altered Nature"},"content":{"rendered":"","protected":false},"excerpt":{"rendered":"","protected":false},"featured_media":2468,"template":"","meta":[],"product_brand":[],"product_cat":[28],"product_tag":[],"class_list":{"0":"post-4345","1":"product","2":"type-product","3":"status-publish","4":"has-post-thumbnail","6":"product_cat-sin-categorizar","8":"first","9":"instock","10":"taxable","11":"shipping-taxable","12":"purchasable","13":"product-type-simple"},"yoast_head":"<!-- This site is optimized with the Yoast SEO plugin v26.5 - https:\/\/yoast.com\/wordpress\/plugins\/seo\/ -->\n<title>Altered Nature - B(.)studio<\/title>\n<meta name=\"robots\" content=\"index, follow, max-snippet:-1, max-image-preview:large, max-video-preview:-1\" \/>\n<link rel=\"canonical\" href=\"https:\/\/bpuntostudio.com\/en\/product\/altered-nature\/\" \/>\n<meta property=\"og:locale\" content=\"en_GB\" \/>\n<meta property=\"og:type\" content=\"article\" \/>\n<meta property=\"og:title\" content=\"Altered Nature - B(.)studio\" \/>\n<meta property=\"og:url\" content=\"https:\/\/bpuntostudio.com\/en\/product\/altered-nature\/\" \/>\n<meta property=\"og:site_name\" content=\"B(.)studio\" \/>\n<meta property=\"og:image\" content=\"https:\/\/bpuntostudio.com\/wp-content\/uploads\/2025\/02\/alterednature09-scaled.jpg\" \/>\n\t<meta property=\"og:image:width\" content=\"2560\" \/>\n\t<meta property=\"og:image:height\" content=\"1818\" \/>\n\t<meta property=\"og:image:type\" content=\"image\/jpeg\" \/>\n<meta name=\"twitter:card\" content=\"summary_large_image\" \/>\n<meta name=\"twitter:label1\" content=\"Estimated reading time\" \/>\n\t<meta name=\"twitter:data1\" content=\"1 minute\" \/>\n<script type=\"application\/ld+json\" class=\"yoast-schema-graph\">{\"@context\":\"https:\/\/schema.org\",\"@graph\":[{\"@type\":\"WebPage\",\"@id\":\"https:\/\/bpuntostudio.com\/producto\/altered-nature\",\"url\":\"https:\/\/bpuntostudio.com\/producto\/altered-nature\",\"name\":\"Altered Nature - B(.)studio\",\"isPartOf\":{\"@id\":\"https:\/\/bpuntostudio.com\/#website\"},\"primaryImageOfPage\":{\"@id\":\"https:\/\/bpuntostudio.com\/producto\/altered-nature#primaryimage\"},\"image\":{\"@id\":\"https:\/\/bpuntostudio.com\/producto\/altered-nature#primaryimage\"},\"thumbnailUrl\":\"https:\/\/bpuntostudio.com\/wp-content\/uploads\/2025\/02\/alterednature09-scaled.jpg\",\"datePublished\":\"2025-09-14T16:27:15+00:00\",\"breadcrumb\":{\"@id\":\"https:\/\/bpuntostudio.com\/producto\/altered-nature#breadcrumb\"},\"inLanguage\":\"en-GB\",\"potentialAction\":[{\"@type\":\"ReadAction\",\"target\":[\"https:\/\/bpuntostudio.com\/producto\/altered-nature\"]}]},{\"@type\":\"ImageObject\",\"inLanguage\":\"en-GB\",\"@id\":\"https:\/\/bpuntostudio.com\/producto\/altered-nature#primaryimage\",\"url\":\"https:\/\/bpuntostudio.com\/wp-content\/uploads\/2025\/02\/alterednature09-scaled.jpg\",\"contentUrl\":\"https:\/\/bpuntostudio.com\/wp-content\/uploads\/2025\/02\/alterednature09-scaled.jpg\",\"width\":2560,\"height\":1818,\"caption\":\"Altered Nature - Obra en risograf\u00eda por Beatriz Casta\u00f1eda D\u00edaz\"},{\"@type\":\"BreadcrumbList\",\"@id\":\"https:\/\/bpuntostudio.com\/producto\/altered-nature#breadcrumb\",\"itemListElement\":[{\"@type\":\"ListItem\",\"position\":1,\"name\":\"Portada\",\"item\":\"https:\/\/bpuntostudio.com\/\"},{\"@type\":\"ListItem\",\"position\":2,\"name\":\"Tienda\",\"item\":\"https:\/\/bpuntostudio.com\/tienda\"},{\"@type\":\"ListItem\",\"position\":3,\"name\":\"Altered Nature\"}]},{\"@type\":\"WebSite\",\"@id\":\"https:\/\/bpuntostudio.com\/#website\",\"url\":\"https:\/\/bpuntostudio.com\/\",\"name\":\"B(.)studio\",\"description\":\"Graphic &amp; Visual Artist\",\"publisher\":{\"@id\":\"https:\/\/bpuntostudio.com\/#\/schema\/person\/1ae0efb5cedd0aa0e8f3b3ba4912a64d\"},\"alternateName\":\"Beatriz Casta\u00f1eda D\u00edaz\",\"potentialAction\":[{\"@type\":\"SearchAction\",\"target\":{\"@type\":\"EntryPoint\",\"urlTemplate\":\"https:\/\/bpuntostudio.com\/?s={search_term_string}\"},\"query-input\":{\"@type\":\"PropertyValueSpecification\",\"valueRequired\":true,\"valueName\":\"search_term_string\"}}],\"inLanguage\":\"en-GB\"},{\"@type\":[\"Person\",\"Organization\"],\"@id\":\"https:\/\/bpuntostudio.com\/#\/schema\/person\/1ae0efb5cedd0aa0e8f3b3ba4912a64d\",\"name\":\"Beatriz\",\"image\":{\"@type\":\"ImageObject\",\"inLanguage\":\"en-GB\",\"@id\":\"https:\/\/bpuntostudio.com\/#\/schema\/person\/image\/\",\"url\":\"http:\/\/bpuntostudio.com\/wp-content\/uploads\/2025\/02\/bpuntostudioLOGOTIPO_pequeno.png\",\"contentUrl\":\"http:\/\/bpuntostudio.com\/wp-content\/uploads\/2025\/02\/bpuntostudioLOGOTIPO_pequeno.png\",\"width\":340,\"height\":103,\"caption\":\"Beatriz\"},\"logo\":{\"@id\":\"https:\/\/bpuntostudio.com\/#\/schema\/person\/image\/\"},\"sameAs\":[\"http:\/\/bpuntostudio.com\"]}]}<\/script>\n<!-- \/ Yoast SEO plugin. -->","yoast_head_json":{"title":"Altered Nature - B(.)studio","robots":{"index":"index","follow":"follow","max-snippet":"max-snippet:-1","max-image-preview":"max-image-preview:large","max-video-preview":"max-video-preview:-1"},"canonical":"https:\/\/bpuntostudio.com\/en\/product\/altered-nature\/","og_locale":"en_GB","og_type":"article","og_title":"Altered Nature - B(.)studio","og_url":"https:\/\/bpuntostudio.com\/en\/product\/altered-nature\/","og_site_name":"B(.)studio","og_image":[{"width":2560,"height":1818,"url":"https:\/\/bpuntostudio.com\/wp-content\/uploads\/2025\/02\/alterednature09-scaled.jpg","type":"image\/jpeg"}],"twitter_card":"summary_large_image","twitter_misc":{"Estimated reading time":"1 minute"},"schema":{"@context":"https:\/\/schema.org","@graph":[{"@type":"WebPage","@id":"https:\/\/bpuntostudio.com\/producto\/altered-nature","url":"https:\/\/bpuntostudio.com\/producto\/altered-nature","name":"Altered Nature - B(.)studio","isPartOf":{"@id":"https:\/\/bpuntostudio.com\/#website"},"primaryImageOfPage":{"@id":"https:\/\/bpuntostudio.com\/producto\/altered-nature#primaryimage"},"image":{"@id":"https:\/\/bpuntostudio.com\/producto\/altered-nature#primaryimage"},"thumbnailUrl":"https:\/\/bpuntostudio.com\/wp-content\/uploads\/2025\/02\/alterednature09-scaled.jpg","datePublished":"2025-09-14T16:27:15+00:00","breadcrumb":{"@id":"https:\/\/bpuntostudio.com\/producto\/altered-nature#breadcrumb"},"inLanguage":"en-GB","potentialAction":[{"@type":"ReadAction","target":["https:\/\/bpuntostudio.com\/producto\/altered-nature"]}]},{"@type":"ImageObject","inLanguage":"en-GB","@id":"https:\/\/bpuntostudio.com\/producto\/altered-nature#primaryimage","url":"https:\/\/bpuntostudio.com\/wp-content\/uploads\/2025\/02\/alterednature09-scaled.jpg","contentUrl":"https:\/\/bpuntostudio.com\/wp-content\/uploads\/2025\/02\/alterednature09-scaled.jpg","width":2560,"height":1818,"caption":"Altered Nature - Obra en risograf\u00eda por Beatriz Casta\u00f1eda D\u00edaz"},{"@type":"BreadcrumbList","@id":"https:\/\/bpuntostudio.com\/producto\/altered-nature#breadcrumb","itemListElement":[{"@type":"ListItem","position":1,"name":"Portada","item":"https:\/\/bpuntostudio.com\/"},{"@type":"ListItem","position":2,"name":"Tienda","item":"https:\/\/bpuntostudio.com\/tienda"},{"@type":"ListItem","position":3,"name":"Altered Nature"}]},{"@type":"WebSite","@id":"https:\/\/bpuntostudio.com\/#website","url":"https:\/\/bpuntostudio.com\/","name":"B(.)studio","description":"Graphic &amp; Visual Artist","publisher":{"@id":"https:\/\/bpuntostudio.com\/#\/schema\/person\/1ae0efb5cedd0aa0e8f3b3ba4912a64d"},"alternateName":"Beatriz Casta\u00f1eda D\u00edaz","potentialAction":[{"@type":"SearchAction","target":{"@type":"EntryPoint","urlTemplate":"https:\/\/bpuntostudio.com\/?s={search_term_string}"},"query-input":{"@type":"PropertyValueSpecification","valueRequired":true,"valueName":"search_term_string"}}],"inLanguage":"en-GB"},{"@type":["Person","Organization"],"@id":"https:\/\/bpuntostudio.com\/#\/schema\/person\/1ae0efb5cedd0aa0e8f3b3ba4912a64d","name":"Beatriz","image":{"@type":"ImageObject","inLanguage":"en-GB","@id":"https:\/\/bpuntostudio.com\/#\/schema\/person\/image\/","url":"http:\/\/bpuntostudio.com\/wp-content\/uploads\/2025\/02\/bpuntostudioLOGOTIPO_pequeno.png","contentUrl":"http:\/\/bpuntostudio.com\/wp-content\/uploads\/2025\/02\/bpuntostudioLOGOTIPO_pequeno.png","width":340,"height":103,"caption":"Beatriz"},"logo":{"@id":"https:\/\/bpuntostudio.com\/#\/schema\/person\/image\/"},"sameAs":["http:\/\/bpuntostudio.com"]}]}},"jetpack_sharing_enabled":true,"_links":{"self":[{"href":"https:\/\/bpuntostudio.com\/en\/wp-json\/wp\/v2\/product\/4345","targetHints":{"allow":["GET"]}}],"collection":[{"href":"https:\/\/bpuntostudio.com\/en\/wp-json\/wp\/v2\/product"}],"about":[{"href":"https:\/\/bpuntostudio.com\/en\/wp-json\/wp\/v2\/types\/product"}],"wp:featuredmedia":[{"embeddable":true,"href":"https:\/\/bpuntostudio.com\/en\/wp-json\/wp\/v2\/media\/2468"}],"wp:attachment":[{"href":"https:\/\/bpuntostudio.com\/en\/wp-json\/wp\/v2\/media?parent=4345"}],"wp:term":[{"taxonomy":"product_brand","embeddable":true,"href":"https:\/\/bpuntostudio.com\/en\/wp-json\/wp\/v2\/product_brand?post=4345"},{"taxonomy":"product_cat","embeddable":true,"href":"https:\/\/bpuntostudio.com\/en\/wp-json\/wp\/v2\/product_cat?post=4345"},{"taxonomy":"product_tag","embeddable":true,"href":"https:\/\/bpuntostudio.com\/en\/wp-json\/wp\/v2\/product_tag?post=4345"}],"curies":[{"name":"wp","href":"https:\/\/api.w.org\/{rel}","templated":true}]}}