{"id":30,"date":"2021-04-26T08:02:20","date_gmt":"2021-04-26T08:02:20","guid":{"rendered":"https:\/\/qi84.qodeinteractive.com\/?page_id=30"},"modified":"2025-10-22T19:04:05","modified_gmt":"2025-10-22T19:04:05","slug":"beatriz-castaneda-diaz","status":"publish","type":"page","link":"https:\/\/bpuntostudio.com\/en\/beatriz-castaneda-diaz","title":{"rendered":"About"},"content":{"rendered":"<div data-elementor-type=\"wp-page\" data-elementor-id=\"30\" class=\"elementor elementor-30\">\n\t\t\t\t<div class=\"elementor-element elementor-element-ef0f29e qodef-elementor-content-grid e-flex e-con-boxed e-con e-parent\" data-id=\"ef0f29e\" data-element_type=\"container\" data-settings=\"{&quot;background_background&quot;:&quot;classic&quot;}\">\n\t\t\t\t\t<div class=\"e-con-inner\">\n\t\t\t\t<div class=\"elementor-element elementor-element-586972b elementor-fixed hover-dinamico-imagen elementor-widget elementor-widget-image\" data-id=\"586972b\" data-element_type=\"widget\" id=\"img-h-1\" data-settings=\"{&quot;_position&quot;:&quot;fixed&quot;}\" data-widget_type=\"image.default\">\n\t\t\t\t<div class=\"elementor-widget-container\">\n\t\t\t\t\t\t\t\t\t\t\t\t\t\t\t<img fetchpriority=\"high\" decoding=\"async\" width=\"768\" height=\"1024\" src=\"https:\/\/bpuntostudio.com\/wp-content\/uploads\/2025\/02\/beatriz-768x1024.jpg\" class=\"attachment-large size-large wp-image-2492\" alt=\"\" srcset=\"https:\/\/bpuntostudio.com\/wp-content\/uploads\/2025\/02\/beatriz-768x1024.jpg 768w, https:\/\/bpuntostudio.com\/wp-content\/uploads\/2025\/02\/beatriz-600x800.jpg 600w, https:\/\/bpuntostudio.com\/wp-content\/uploads\/2025\/02\/beatriz-225x300.jpg 225w, https:\/\/bpuntostudio.com\/wp-content\/uploads\/2025\/02\/beatriz.jpg 900w\" sizes=\"(max-width: 768px) 100vw, 768px\" \/>\t\t\t\t\t\t\t\t\t\t\t\t\t\t\t<\/div>\n\t\t\t\t<\/div>\n\t\t\t\t<div class=\"elementor-element elementor-element-447f6a8 elementor-fixed hover-dinamico-imagen elementor-widget elementor-widget-image\" data-id=\"447f6a8\" data-element_type=\"widget\" id=\"img-h-2\" data-settings=\"{&quot;_position&quot;:&quot;fixed&quot;}\" data-widget_type=\"image.default\">\n\t\t\t\t<div class=\"elementor-widget-container\">\n\t\t\t\t\t\t\t\t\t\t\t\t\t\t\t<img decoding=\"async\" width=\"768\" height=\"1024\" src=\"https:\/\/bpuntostudio.com\/wp-content\/uploads\/2025\/06\/IMG_4420-768x1024.jpg\" class=\"attachment-large size-large wp-image-3815\" alt=\"\" srcset=\"https:\/\/bpuntostudio.com\/wp-content\/uploads\/2025\/06\/IMG_4420-768x1024.jpg 768w, https:\/\/bpuntostudio.com\/wp-content\/uploads\/2025\/06\/IMG_4420-scaled-600x800.jpg 600w, https:\/\/bpuntostudio.com\/wp-content\/uploads\/2025\/06\/IMG_4420-225x300.jpg 225w, https:\/\/bpuntostudio.com\/wp-content\/uploads\/2025\/06\/IMG_4420-1152x1536.jpg 1152w, https:\/\/bpuntostudio.com\/wp-content\/uploads\/2025\/06\/IMG_4420-1536x2048.jpg 1536w, https:\/\/bpuntostudio.com\/wp-content\/uploads\/2025\/06\/IMG_4420-9x12.jpg 9w, https:\/\/bpuntostudio.com\/wp-content\/uploads\/2025\/06\/IMG_4420-scaled.jpg 1920w\" sizes=\"(max-width: 768px) 100vw, 768px\" \/>\t\t\t\t\t\t\t\t\t\t\t\t\t\t\t<\/div>\n\t\t\t\t<\/div>\n\t\t\t\t<div class=\"elementor-element elementor-element-5a3c05f elementor-fixed hover-dinamico-imagen elementor-widget elementor-widget-image\" data-id=\"5a3c05f\" data-element_type=\"widget\" id=\"img-h-3\" data-settings=\"{&quot;_position&quot;:&quot;fixed&quot;}\" data-widget_type=\"image.default\">\n\t\t\t\t<div class=\"elementor-widget-container\">\n\t\t\t\t\t\t\t\t\t\t\t\t\t\t\t<img decoding=\"async\" width=\"997\" height=\"1024\" src=\"https:\/\/bpuntostudio.com\/wp-content\/uploads\/2025\/06\/IMG_3766-1-997x1024.jpg\" class=\"attachment-large size-large wp-image-3947\" alt=\"\" srcset=\"https:\/\/bpuntostudio.com\/wp-content\/uploads\/2025\/06\/IMG_3766-1-997x1024.jpg 997w, https:\/\/bpuntostudio.com\/wp-content\/uploads\/2025\/06\/IMG_3766-1-scaled-600x616.jpg 600w, https:\/\/bpuntostudio.com\/wp-content\/uploads\/2025\/06\/IMG_3766-1-292x300.jpg 292w, https:\/\/bpuntostudio.com\/wp-content\/uploads\/2025\/06\/IMG_3766-1-768x789.jpg 768w, https:\/\/bpuntostudio.com\/wp-content\/uploads\/2025\/06\/IMG_3766-1-1495x1536.jpg 1495w, https:\/\/bpuntostudio.com\/wp-content\/uploads\/2025\/06\/IMG_3766-1-1993x2048.jpg 1993w, https:\/\/bpuntostudio.com\/wp-content\/uploads\/2025\/06\/IMG_3766-1-12x12.jpg 12w\" sizes=\"(max-width: 997px) 100vw, 997px\" \/>\t\t\t\t\t\t\t\t\t\t\t\t\t\t\t<\/div>\n\t\t\t\t<\/div>\n\t\t\t\t<div class=\"elementor-element elementor-element-b41f4a9 elementor-fixed hover-dinamico-imagen elementor-widget elementor-widget-image\" data-id=\"b41f4a9\" data-element_type=\"widget\" id=\"img-h-4\" data-settings=\"{&quot;_position&quot;:&quot;fixed&quot;}\" data-widget_type=\"image.default\">\n\t\t\t\t<div class=\"elementor-widget-container\">\n\t\t\t\t\t\t\t\t\t\t\t\t\t\t\t<img loading=\"lazy\" decoding=\"async\" width=\"768\" height=\"1024\" src=\"https:\/\/bpuntostudio.com\/wp-content\/uploads\/2025\/06\/IMG_3842-768x1024.jpg\" class=\"attachment-large size-large wp-image-3838\" alt=\"\" srcset=\"https:\/\/bpuntostudio.com\/wp-content\/uploads\/2025\/06\/IMG_3842-768x1024.jpg 768w, https:\/\/bpuntostudio.com\/wp-content\/uploads\/2025\/06\/IMG_3842-scaled-600x800.jpg 600w, https:\/\/bpuntostudio.com\/wp-content\/uploads\/2025\/06\/IMG_3842-225x300.jpg 225w, https:\/\/bpuntostudio.com\/wp-content\/uploads\/2025\/06\/IMG_3842-1152x1536.jpg 1152w, https:\/\/bpuntostudio.com\/wp-content\/uploads\/2025\/06\/IMG_3842-1536x2048.jpg 1536w, https:\/\/bpuntostudio.com\/wp-content\/uploads\/2025\/06\/IMG_3842-9x12.jpg 9w, https:\/\/bpuntostudio.com\/wp-content\/uploads\/2025\/06\/IMG_3842-scaled.jpg 1920w\" sizes=\"(max-width: 768px) 100vw, 768px\" \/>\t\t\t\t\t\t\t\t\t\t\t\t\t\t\t<\/div>\n\t\t\t\t<\/div>\n\t\t\t\t<div class=\"elementor-element elementor-element-4e9b9d0 elementor-fixed hover-dinamico-imagen elementor-widget elementor-widget-image\" data-id=\"4e9b9d0\" data-element_type=\"widget\" id=\"img-h-5\" data-settings=\"{&quot;_position&quot;:&quot;fixed&quot;}\" data-widget_type=\"image.default\">\n\t\t\t\t<div class=\"elementor-widget-container\">\n\t\t\t\t\t\t\t\t\t\t\t\t\t\t\t<img loading=\"lazy\" decoding=\"async\" width=\"429\" height=\"730\" src=\"https:\/\/bpuntostudio.com\/wp-content\/uploads\/2025\/06\/IMG_6977-Pica.jpg\" class=\"attachment-large size-large wp-image-3792\" alt=\"\" srcset=\"https:\/\/bpuntostudio.com\/wp-content\/uploads\/2025\/06\/IMG_6977-Pica.jpg 429w, https:\/\/bpuntostudio.com\/wp-content\/uploads\/2025\/06\/IMG_6977-Pica-176x300.jpg 176w, https:\/\/bpuntostudio.com\/wp-content\/uploads\/2025\/06\/IMG_6977-Pica-7x12.jpg 7w\" sizes=\"(max-width: 429px) 100vw, 429px\" \/>\t\t\t\t\t\t\t\t\t\t\t\t\t\t\t<\/div>\n\t\t\t\t<\/div>\n\t\t\t\t<div class=\"elementor-element elementor-element-7f2c236 elementor-fixed hover-dinamico-imagen elementor-widget elementor-widget-image\" data-id=\"7f2c236\" data-element_type=\"widget\" id=\"img-h-6\" data-settings=\"{&quot;_position&quot;:&quot;fixed&quot;}\" data-widget_type=\"image.default\">\n\t\t\t\t<div class=\"elementor-widget-container\">\n\t\t\t\t\t\t\t\t\t\t\t\t\t\t\t<img loading=\"lazy\" decoding=\"async\" width=\"768\" height=\"1024\" src=\"https:\/\/bpuntostudio.com\/wp-content\/uploads\/2025\/06\/IMG_5282-768x1024.jpg\" class=\"attachment-large size-large wp-image-3793\" alt=\"\" srcset=\"https:\/\/bpuntostudio.com\/wp-content\/uploads\/2025\/06\/IMG_5282-768x1024.jpg 768w, https:\/\/bpuntostudio.com\/wp-content\/uploads\/2025\/06\/IMG_5282-scaled-600x800.jpg 600w, https:\/\/bpuntostudio.com\/wp-content\/uploads\/2025\/06\/IMG_5282-225x300.jpg 225w, https:\/\/bpuntostudio.com\/wp-content\/uploads\/2025\/06\/IMG_5282-1152x1536.jpg 1152w, https:\/\/bpuntostudio.com\/wp-content\/uploads\/2025\/06\/IMG_5282-1536x2048.jpg 1536w, https:\/\/bpuntostudio.com\/wp-content\/uploads\/2025\/06\/IMG_5282-9x12.jpg 9w, https:\/\/bpuntostudio.com\/wp-content\/uploads\/2025\/06\/IMG_5282-scaled.jpg 1920w\" sizes=\"(max-width: 768px) 100vw, 768px\" \/>\t\t\t\t\t\t\t\t\t\t\t\t\t\t\t<\/div>\n\t\t\t\t<\/div>\n\t\t\t\t<div class=\"elementor-element elementor-element-2946387 elementor-widget__width-initial elementor-widget elementor-widget-text-editor\" data-id=\"2946387\" data-element_type=\"widget\" data-widget_type=\"text-editor.default\">\n\t\t\t\t<div class=\"elementor-widget-container\">\n\t\t\t\t\t\t\t\t\t<p class=\"translation-block\"><span class=\"hover-dinamico\" data-img=\"1\">BEATRIZ CASTA\u00d1EDA D\u00cdAZ<\/span> \/ Graphic and visual artist based in Madrid. Her work explores the intersection of <span class=\"hover-dinamico\" data-img=\"2\">nature<\/span>, <span class=\"hover-dinamico\" data-img=\"3\">form<\/span>\u00a0and perception. Through experimental graphic processes, she investigates the fragility and transformative capacity of <span class=\"hover-dinamico\" data-img=\"4\">flora<\/span>, inviting close observation of natural details and rhythms \u2013 of the balance between order and chaos.\u00a0<\/p><p class=\"translation-block\">Her creative practice integrates both traditional and digital printmaking techniques, with a particular devotion to <span class=\"hover-dinamico\" data-img=\"5\">handcrafted screen printing<\/span> and <span class=\"hover-dinamico\" data-img=\"6\">handmade vat paper<\/span>. Through these methods, she explores a variety of formats and surfaces, where each piece\u2014even as part of a series\u2014acquires a unique identity, shaped by the manual gesture and the inherent qualities of the material. From this exploration emerges her visual language, in constant dialogue with the multiple and the unrepeatable.<\/p>\t\t\t\t\t\t\t\t<\/div>\n\t\t\t\t<\/div>\n\t\t\t\t<div class=\"elementor-element elementor-element-5d5a287 elementor-widget__width-initial elementor-widget elementor-widget-text-editor\" data-id=\"5d5a287\" data-element_type=\"widget\" data-widget_type=\"text-editor.default\">\n\t\t\t\t<div class=\"elementor-widget-container\">\n\t\t\t\t\t\t\t\t\t<p class=\"p1\"><span class=\"s1\">B (.) studio is not only the space where she develops her most personal work, but also a creative refuge where experimentation and craftsmanship play a central role. Each piece is born from a conscious, unhurried process in which repetition and variation are part of the discovery. Through her work, she seeks to awaken a renewed sensitivity to nature and its rhythms, inviting the viewer to pause, observe, and feel.<\/span><\/p>\t\t\t\t\t\t\t\t<\/div>\n\t\t\t\t<\/div>\n\t\t\t\t\t<\/div>\n\t\t\t\t<\/div>\n\t\t\t\t<\/div>","protected":false},"excerpt":{"rendered":"<p>BEATRIZ CASTA\u00d1EDA D\u00cdAZ \/ Creadora gr\u00e1fica y visual establecida en Madrid. Su trabajo explora la intersecci\u00f3n entre la naturaleza, la\u00a0forma\u00a0y la\u00a0percepci\u00f3n. Mediante procesos gr\u00e1ficos experimentales, investiga la fragilidad y la capacidad de transformaci\u00f3n de la\u00a0flora\u00a0e\u00a0 invita a una observaci\u00f3n atenta de los detalles y los ritmos naturales;\u00a0 del equilibrio entre orden y caos. Su pr\u00e1ctica [&hellip;]<\/p>","protected":false},"author":1,"featured_media":0,"parent":0,"menu_order":0,"comment_status":"closed","ping_status":"closed","template":"","meta":{"footnotes":""},"class_list":["post-30","page","type-page","status-publish","hentry"],"yoast_head":"<!-- This site is optimized with the Yoast SEO plugin v26.5 - https:\/\/yoast.com\/wordpress\/plugins\/seo\/ -->\n<title>About - B(.)studio<\/title>\n<meta name=\"description\" content=\"Beatriz Casta\u00f1eda D\u00edaz. Creadora gr\u00e1fica y visual establecida en Madrid. Su trabajo explora la intersecci\u00f3n entre naturaleza, forma y percepci\u00f3n.\" \/>\n<meta name=\"robots\" content=\"index, follow, max-snippet:-1, max-image-preview:large, max-video-preview:-1\" \/>\n<link rel=\"canonical\" href=\"https:\/\/bpuntostudio.com\/en\/beatriz-castaneda-diaz\/\" \/>\n<meta property=\"og:locale\" content=\"en_GB\" \/>\n<meta property=\"og:type\" content=\"article\" \/>\n<meta property=\"og:title\" content=\"About - B(.)studio\" \/>\n<meta property=\"og:description\" content=\"Beatriz Casta\u00f1eda D\u00edaz. Creadora gr\u00e1fica y visual establecida en Madrid. Su trabajo explora la intersecci\u00f3n entre naturaleza, forma y percepci\u00f3n.\" \/>\n<meta property=\"og:url\" content=\"https:\/\/bpuntostudio.com\/en\/beatriz-castaneda-diaz\/\" \/>\n<meta property=\"og:site_name\" content=\"B(.)studio\" \/>\n<meta property=\"article:modified_time\" content=\"2025-10-22T19:04:05+00:00\" \/>\n<meta property=\"og:image\" content=\"https:\/\/bpuntostudio.com\/wp-content\/uploads\/2025\/02\/beatriz.jpg\" \/>\n\t<meta property=\"og:image:width\" content=\"900\" \/>\n\t<meta property=\"og:image:height\" content=\"1200\" \/>\n\t<meta property=\"og:image:type\" content=\"image\/jpeg\" \/>\n<meta name=\"twitter:card\" content=\"summary_large_image\" \/>\n<meta name=\"twitter:label1\" content=\"Estimated reading time\" \/>\n\t<meta name=\"twitter:data1\" content=\"3 minutes\" \/>\n<script type=\"application\/ld+json\" class=\"yoast-schema-graph\">{\"@context\":\"https:\/\/schema.org\",\"@graph\":[{\"@type\":\"WebPage\",\"@id\":\"https:\/\/bpuntostudio.com\/beatriz-castaneda-diaz\",\"url\":\"https:\/\/bpuntostudio.com\/beatriz-castaneda-diaz\",\"name\":\"About - B(.)studio\",\"isPartOf\":{\"@id\":\"https:\/\/bpuntostudio.com\/#website\"},\"primaryImageOfPage\":{\"@id\":\"https:\/\/bpuntostudio.com\/beatriz-castaneda-diaz#primaryimage\"},\"image\":{\"@id\":\"https:\/\/bpuntostudio.com\/beatriz-castaneda-diaz#primaryimage\"},\"thumbnailUrl\":\"https:\/\/bpuntostudio.com\/wp-content\/uploads\/2025\/02\/beatriz-768x1024.jpg\",\"datePublished\":\"2021-04-26T08:02:20+00:00\",\"dateModified\":\"2025-10-22T19:04:05+00:00\",\"description\":\"Beatriz Casta\u00f1eda D\u00edaz. Creadora gr\u00e1fica y visual establecida en Madrid. Su trabajo explora la intersecci\u00f3n entre naturaleza, forma y percepci\u00f3n.\",\"breadcrumb\":{\"@id\":\"https:\/\/bpuntostudio.com\/beatriz-castaneda-diaz#breadcrumb\"},\"inLanguage\":\"en-GB\",\"potentialAction\":[{\"@type\":\"ReadAction\",\"target\":[\"https:\/\/bpuntostudio.com\/beatriz-castaneda-diaz\"]}]},{\"@type\":\"ImageObject\",\"inLanguage\":\"en-GB\",\"@id\":\"https:\/\/bpuntostudio.com\/beatriz-castaneda-diaz#primaryimage\",\"url\":\"https:\/\/bpuntostudio.com\/wp-content\/uploads\/2025\/02\/beatriz-768x1024.jpg\",\"contentUrl\":\"https:\/\/bpuntostudio.com\/wp-content\/uploads\/2025\/02\/beatriz-768x1024.jpg\"},{\"@type\":\"BreadcrumbList\",\"@id\":\"https:\/\/bpuntostudio.com\/beatriz-castaneda-diaz#breadcrumb\",\"itemListElement\":[{\"@type\":\"ListItem\",\"position\":1,\"name\":\"Portada\",\"item\":\"https:\/\/bpuntostudio.com\/\"},{\"@type\":\"ListItem\",\"position\":2,\"name\":\"About\"}]},{\"@type\":\"WebSite\",\"@id\":\"https:\/\/bpuntostudio.com\/#website\",\"url\":\"https:\/\/bpuntostudio.com\/\",\"name\":\"B(.)studio\",\"description\":\"Graphic &amp; Visual Artist\",\"publisher\":{\"@id\":\"https:\/\/bpuntostudio.com\/#\/schema\/person\/1ae0efb5cedd0aa0e8f3b3ba4912a64d\"},\"alternateName\":\"Beatriz Casta\u00f1eda D\u00edaz\",\"potentialAction\":[{\"@type\":\"SearchAction\",\"target\":{\"@type\":\"EntryPoint\",\"urlTemplate\":\"https:\/\/bpuntostudio.com\/?s={search_term_string}\"},\"query-input\":{\"@type\":\"PropertyValueSpecification\",\"valueRequired\":true,\"valueName\":\"search_term_string\"}}],\"inLanguage\":\"en-GB\"},{\"@type\":[\"Person\",\"Organization\"],\"@id\":\"https:\/\/bpuntostudio.com\/#\/schema\/person\/1ae0efb5cedd0aa0e8f3b3ba4912a64d\",\"name\":\"Beatriz\",\"image\":{\"@type\":\"ImageObject\",\"inLanguage\":\"en-GB\",\"@id\":\"https:\/\/bpuntostudio.com\/#\/schema\/person\/image\/\",\"url\":\"http:\/\/bpuntostudio.com\/wp-content\/uploads\/2025\/02\/bpuntostudioLOGOTIPO_pequeno.png\",\"contentUrl\":\"http:\/\/bpuntostudio.com\/wp-content\/uploads\/2025\/02\/bpuntostudioLOGOTIPO_pequeno.png\",\"width\":340,\"height\":103,\"caption\":\"Beatriz\"},\"logo\":{\"@id\":\"https:\/\/bpuntostudio.com\/#\/schema\/person\/image\/\"},\"sameAs\":[\"http:\/\/bpuntostudio.com\"]}]}<\/script>\n<!-- \/ Yoast SEO plugin. -->","yoast_head_json":{"title":"About - B(.)studio","description":"Beatriz Casta\u00f1eda D\u00edaz. Creadora gr\u00e1fica y visual establecida en Madrid. Su trabajo explora la intersecci\u00f3n entre naturaleza, forma y percepci\u00f3n.","robots":{"index":"index","follow":"follow","max-snippet":"max-snippet:-1","max-image-preview":"max-image-preview:large","max-video-preview":"max-video-preview:-1"},"canonical":"https:\/\/bpuntostudio.com\/en\/beatriz-castaneda-diaz\/","og_locale":"en_GB","og_type":"article","og_title":"About - B(.)studio","og_description":"Beatriz Casta\u00f1eda D\u00edaz. Creadora gr\u00e1fica y visual establecida en Madrid. Su trabajo explora la intersecci\u00f3n entre naturaleza, forma y percepci\u00f3n.","og_url":"https:\/\/bpuntostudio.com\/en\/beatriz-castaneda-diaz\/","og_site_name":"B(.)studio","article_modified_time":"2025-10-22T19:04:05+00:00","og_image":[{"width":900,"height":1200,"url":"https:\/\/bpuntostudio.com\/wp-content\/uploads\/2025\/02\/beatriz.jpg","type":"image\/jpeg"}],"twitter_card":"summary_large_image","twitter_misc":{"Estimated reading time":"3 minutes"},"schema":{"@context":"https:\/\/schema.org","@graph":[{"@type":"WebPage","@id":"https:\/\/bpuntostudio.com\/beatriz-castaneda-diaz","url":"https:\/\/bpuntostudio.com\/beatriz-castaneda-diaz","name":"About - B(.)studio","isPartOf":{"@id":"https:\/\/bpuntostudio.com\/#website"},"primaryImageOfPage":{"@id":"https:\/\/bpuntostudio.com\/beatriz-castaneda-diaz#primaryimage"},"image":{"@id":"https:\/\/bpuntostudio.com\/beatriz-castaneda-diaz#primaryimage"},"thumbnailUrl":"https:\/\/bpuntostudio.com\/wp-content\/uploads\/2025\/02\/beatriz-768x1024.jpg","datePublished":"2021-04-26T08:02:20+00:00","dateModified":"2025-10-22T19:04:05+00:00","description":"Beatriz Casta\u00f1eda D\u00edaz. Creadora gr\u00e1fica y visual establecida en Madrid. Su trabajo explora la intersecci\u00f3n entre naturaleza, forma y percepci\u00f3n.","breadcrumb":{"@id":"https:\/\/bpuntostudio.com\/beatriz-castaneda-diaz#breadcrumb"},"inLanguage":"en-GB","potentialAction":[{"@type":"ReadAction","target":["https:\/\/bpuntostudio.com\/beatriz-castaneda-diaz"]}]},{"@type":"ImageObject","inLanguage":"en-GB","@id":"https:\/\/bpuntostudio.com\/beatriz-castaneda-diaz#primaryimage","url":"https:\/\/bpuntostudio.com\/wp-content\/uploads\/2025\/02\/beatriz-768x1024.jpg","contentUrl":"https:\/\/bpuntostudio.com\/wp-content\/uploads\/2025\/02\/beatriz-768x1024.jpg"},{"@type":"BreadcrumbList","@id":"https:\/\/bpuntostudio.com\/beatriz-castaneda-diaz#breadcrumb","itemListElement":[{"@type":"ListItem","position":1,"name":"Portada","item":"https:\/\/bpuntostudio.com\/"},{"@type":"ListItem","position":2,"name":"About"}]},{"@type":"WebSite","@id":"https:\/\/bpuntostudio.com\/#website","url":"https:\/\/bpuntostudio.com\/","name":"B(.)studio","description":"Graphic &amp; Visual Artist","publisher":{"@id":"https:\/\/bpuntostudio.com\/#\/schema\/person\/1ae0efb5cedd0aa0e8f3b3ba4912a64d"},"alternateName":"Beatriz Casta\u00f1eda D\u00edaz","potentialAction":[{"@type":"SearchAction","target":{"@type":"EntryPoint","urlTemplate":"https:\/\/bpuntostudio.com\/?s={search_term_string}"},"query-input":{"@type":"PropertyValueSpecification","valueRequired":true,"valueName":"search_term_string"}}],"inLanguage":"en-GB"},{"@type":["Person","Organization"],"@id":"https:\/\/bpuntostudio.com\/#\/schema\/person\/1ae0efb5cedd0aa0e8f3b3ba4912a64d","name":"Beatriz","image":{"@type":"ImageObject","inLanguage":"en-GB","@id":"https:\/\/bpuntostudio.com\/#\/schema\/person\/image\/","url":"http:\/\/bpuntostudio.com\/wp-content\/uploads\/2025\/02\/bpuntostudioLOGOTIPO_pequeno.png","contentUrl":"http:\/\/bpuntostudio.com\/wp-content\/uploads\/2025\/02\/bpuntostudioLOGOTIPO_pequeno.png","width":340,"height":103,"caption":"Beatriz"},"logo":{"@id":"https:\/\/bpuntostudio.com\/#\/schema\/person\/image\/"},"sameAs":["http:\/\/bpuntostudio.com"]}]}},"jetpack_sharing_enabled":true,"_links":{"self":[{"href":"https:\/\/bpuntostudio.com\/en\/wp-json\/wp\/v2\/pages\/30","targetHints":{"allow":["GET"]}}],"collection":[{"href":"https:\/\/bpuntostudio.com\/en\/wp-json\/wp\/v2\/pages"}],"about":[{"href":"https:\/\/bpuntostudio.com\/en\/wp-json\/wp\/v2\/types\/page"}],"author":[{"embeddable":true,"href":"https:\/\/bpuntostudio.com\/en\/wp-json\/wp\/v2\/users\/1"}],"replies":[{"embeddable":true,"href":"https:\/\/bpuntostudio.com\/en\/wp-json\/wp\/v2\/comments?post=30"}],"version-history":[{"count":583,"href":"https:\/\/bpuntostudio.com\/en\/wp-json\/wp\/v2\/pages\/30\/revisions"}],"predecessor-version":[{"id":4742,"href":"https:\/\/bpuntostudio.com\/en\/wp-json\/wp\/v2\/pages\/30\/revisions\/4742"}],"wp:attachment":[{"href":"https:\/\/bpuntostudio.com\/en\/wp-json\/wp\/v2\/media?parent=30"}],"curies":[{"name":"wp","href":"https:\/\/api.w.org\/{rel}","templated":true}]}}