{"id":1929,"date":"2025-02-07T19:51:28","date_gmt":"2025-02-07T19:51:28","guid":{"rendered":"http:\/\/bpuntostudio.com\/?page_id=1929"},"modified":"2025-10-22T19:04:31","modified_gmt":"2025-10-22T19:04:31","slug":"contacto","status":"publish","type":"page","link":"https:\/\/bpuntostudio.com\/en\/contacto","title":{"rendered":"Contacto"},"content":{"rendered":"<div data-elementor-type=\"wp-page\" data-elementor-id=\"1929\" class=\"elementor elementor-1929\">\n\t\t\t\t<div class=\"elementor-element elementor-element-ae7c7df qodef-elementor-content-grid e-flex e-con-boxed e-con e-parent\" data-id=\"ae7c7df\" data-element_type=\"container\" data-settings=\"{&quot;background_background&quot;:&quot;classic&quot;}\">\n\t\t\t\t\t<div class=\"e-con-inner\">\n\t\t\t\t<div class=\"elementor-element elementor-element-4886981 elementor-widget__width-initial elementor-widget elementor-widget-text-editor\" data-id=\"4886981\" data-element_type=\"widget\" data-widget_type=\"text-editor.default\">\n\t\t\t\t<div class=\"elementor-widget-container\">\n\t\t\t\t\t\t\t\t\t<p>If you are interested in acquiring one of the works, you can request further information by writing to the email address below, specifying the title of the piece. I will provide details regarding availability, shipping options, and delivery times.\u00a0<\/p><p class=\"translation-block\">For collaborations, commissions, or other enquiries, please don\u2019t hesitate to get in touch via email or Instagram @bpuntostudio!<\/p>\t\t\t\t\t\t\t\t<\/div>\n\t\t\t\t<\/div>\n\t\t\t\t<div class=\"elementor-element elementor-element-fde4bb5 elementor-widget__width-initial elementor-widget elementor-widget-text-editor\" data-id=\"fde4bb5\" data-element_type=\"widget\" data-widget_type=\"text-editor.default\">\n\t\t\t\t<div class=\"elementor-widget-container\">\n\t\t\t\t\t\t\t\t\t<span style=\"text-decoration: underline;\">hello@bpuntostudio<a href=\"mailto:hello@bpuntostudio.com\">.com<\/a><\/span>\t\t\t\t\t\t\t\t<\/div>\n\t\t\t\t<\/div>\n\t\t\t\t<div class=\"elementor-element elementor-element-4e7447d elementor-widget__width-initial elementor-widget elementor-widget-text-editor\" data-id=\"4e7447d\" data-element_type=\"widget\" data-widget_type=\"text-editor.default\">\n\t\t\t\t<div class=\"elementor-widget-container\">\n\t\t\t\t\t\t\t\t\t<p>Each piece is unique and created through artisanal processes, so slight variations in tone and texture may occur within the same series. These differences are not imperfections, but rather part of the beauty of the process, reflecting the organic and experimental nature of the work.<\/p>\t\t\t\t\t\t\t\t<\/div>\n\t\t\t\t<\/div>\n\t\t\t\t\t<\/div>\n\t\t\t\t<\/div>\n\t\t\t\t<\/div>","protected":false},"excerpt":{"rendered":"<p>Si est\u00e1s interesado en adquirir una de las obras, puedes solicitar m\u00e1s informaci\u00f3n escribiendo a este correo e indicando el t\u00edtulo de la obra. Te proporcionar\u00e9 detalles sobre disponibilidad, tipo de env\u00edo y tiempos de entrega.\u00a0 Para colaboraciones, encargos u otras consultas, \u00a1no dudes en contactarme por correo electr\u00f3nico o Instagram @bpuntostudio! hello@bpuntostudio.com Cada pieza [&hellip;]<\/p>","protected":false},"author":1,"featured_media":0,"parent":0,"menu_order":0,"comment_status":"closed","ping_status":"closed","template":"qi-full-width.php","meta":{"footnotes":""},"class_list":["post-1929","page","type-page","status-publish","hentry"],"yoast_head":"<!-- This site is optimized with the Yoast SEO plugin v26.5 - https:\/\/yoast.com\/wordpress\/plugins\/seo\/ -->\n<title>Contacto - B(.)studio<\/title>\n<meta name=\"description\" content=\"Ponte en contacto con Beatriz Casta\u00f1eda D\u00edaz, creadora gr\u00e1fica visual, escribiendo a hello@bpuntostudio.com o Instagram @bpuntostudio.\" \/>\n<meta name=\"robots\" content=\"index, follow, max-snippet:-1, max-image-preview:large, max-video-preview:-1\" \/>\n<link rel=\"canonical\" href=\"https:\/\/bpuntostudio.com\/en\/contacto\/\" \/>\n<meta property=\"og:locale\" content=\"en_GB\" \/>\n<meta property=\"og:type\" content=\"article\" \/>\n<meta property=\"og:title\" content=\"Contacto - B(.)studio\" \/>\n<meta property=\"og:description\" content=\"Ponte en contacto con Beatriz Casta\u00f1eda D\u00edaz, creadora gr\u00e1fica visual, escribiendo a hello@bpuntostudio.com o Instagram @bpuntostudio.\" \/>\n<meta property=\"og:url\" content=\"https:\/\/bpuntostudio.com\/en\/contacto\/\" \/>\n<meta property=\"og:site_name\" content=\"B(.)studio\" \/>\n<meta property=\"article:modified_time\" content=\"2025-10-22T19:04:31+00:00\" \/>\n<meta property=\"og:image\" content=\"https:\/\/bpuntostudio.com\/wp-content\/uploads\/2024\/10\/favicon-b.jpg\" \/>\n\t<meta property=\"og:image:width\" content=\"400\" \/>\n\t<meta property=\"og:image:height\" content=\"400\" \/>\n\t<meta property=\"og:image:type\" content=\"image\/jpeg\" \/>\n<meta name=\"twitter:card\" content=\"summary_large_image\" \/>\n<meta name=\"twitter:label1\" content=\"Estimated reading time\" \/>\n\t<meta name=\"twitter:data1\" content=\"1 minute\" \/>\n<script type=\"application\/ld+json\" class=\"yoast-schema-graph\">{\"@context\":\"https:\/\/schema.org\",\"@graph\":[{\"@type\":\"WebPage\",\"@id\":\"https:\/\/bpuntostudio.com\/contacto\",\"url\":\"https:\/\/bpuntostudio.com\/contacto\",\"name\":\"Contacto - B(.)studio\",\"isPartOf\":{\"@id\":\"https:\/\/bpuntostudio.com\/#website\"},\"datePublished\":\"2025-02-07T19:51:28+00:00\",\"dateModified\":\"2025-10-22T19:04:31+00:00\",\"description\":\"Ponte en contacto con Beatriz Casta\u00f1eda D\u00edaz, creadora gr\u00e1fica visual, escribiendo a hello@bpuntostudio.com o Instagram @bpuntostudio.\",\"breadcrumb\":{\"@id\":\"https:\/\/bpuntostudio.com\/contacto#breadcrumb\"},\"inLanguage\":\"en-GB\",\"potentialAction\":[{\"@type\":\"ReadAction\",\"target\":[\"https:\/\/bpuntostudio.com\/contacto\"]}]},{\"@type\":\"BreadcrumbList\",\"@id\":\"https:\/\/bpuntostudio.com\/contacto#breadcrumb\",\"itemListElement\":[{\"@type\":\"ListItem\",\"position\":1,\"name\":\"Portada\",\"item\":\"https:\/\/bpuntostudio.com\/\"},{\"@type\":\"ListItem\",\"position\":2,\"name\":\"Contacto\"}]},{\"@type\":\"WebSite\",\"@id\":\"https:\/\/bpuntostudio.com\/#website\",\"url\":\"https:\/\/bpuntostudio.com\/\",\"name\":\"B(.)studio\",\"description\":\"Graphic &amp; Visual Artist\",\"publisher\":{\"@id\":\"https:\/\/bpuntostudio.com\/#\/schema\/person\/1ae0efb5cedd0aa0e8f3b3ba4912a64d\"},\"alternateName\":\"Beatriz Casta\u00f1eda D\u00edaz\",\"potentialAction\":[{\"@type\":\"SearchAction\",\"target\":{\"@type\":\"EntryPoint\",\"urlTemplate\":\"https:\/\/bpuntostudio.com\/?s={search_term_string}\"},\"query-input\":{\"@type\":\"PropertyValueSpecification\",\"valueRequired\":true,\"valueName\":\"search_term_string\"}}],\"inLanguage\":\"en-GB\"},{\"@type\":[\"Person\",\"Organization\"],\"@id\":\"https:\/\/bpuntostudio.com\/#\/schema\/person\/1ae0efb5cedd0aa0e8f3b3ba4912a64d\",\"name\":\"Beatriz\",\"image\":{\"@type\":\"ImageObject\",\"inLanguage\":\"en-GB\",\"@id\":\"https:\/\/bpuntostudio.com\/#\/schema\/person\/image\/\",\"url\":\"http:\/\/bpuntostudio.com\/wp-content\/uploads\/2025\/02\/bpuntostudioLOGOTIPO_pequeno.png\",\"contentUrl\":\"http:\/\/bpuntostudio.com\/wp-content\/uploads\/2025\/02\/bpuntostudioLOGOTIPO_pequeno.png\",\"width\":340,\"height\":103,\"caption\":\"Beatriz\"},\"logo\":{\"@id\":\"https:\/\/bpuntostudio.com\/#\/schema\/person\/image\/\"},\"sameAs\":[\"http:\/\/bpuntostudio.com\"]}]}<\/script>\n<!-- \/ Yoast SEO plugin. -->","yoast_head_json":{"title":"Contacto - B(.)studio","description":"Ponte en contacto con Beatriz Casta\u00f1eda D\u00edaz, creadora gr\u00e1fica visual, escribiendo a hello@bpuntostudio.com o Instagram @bpuntostudio.","robots":{"index":"index","follow":"follow","max-snippet":"max-snippet:-1","max-image-preview":"max-image-preview:large","max-video-preview":"max-video-preview:-1"},"canonical":"https:\/\/bpuntostudio.com\/en\/contacto\/","og_locale":"en_GB","og_type":"article","og_title":"Contacto - B(.)studio","og_description":"Ponte en contacto con Beatriz Casta\u00f1eda D\u00edaz, creadora gr\u00e1fica visual, escribiendo a hello@bpuntostudio.com o Instagram @bpuntostudio.","og_url":"https:\/\/bpuntostudio.com\/en\/contacto\/","og_site_name":"B(.)studio","article_modified_time":"2025-10-22T19:04:31+00:00","og_image":[{"width":400,"height":400,"url":"https:\/\/bpuntostudio.com\/wp-content\/uploads\/2024\/10\/favicon-b.jpg","type":"image\/jpeg"}],"twitter_card":"summary_large_image","twitter_misc":{"Estimated reading time":"1 minute"},"schema":{"@context":"https:\/\/schema.org","@graph":[{"@type":"WebPage","@id":"https:\/\/bpuntostudio.com\/contacto","url":"https:\/\/bpuntostudio.com\/contacto","name":"Contacto - B(.)studio","isPartOf":{"@id":"https:\/\/bpuntostudio.com\/#website"},"datePublished":"2025-02-07T19:51:28+00:00","dateModified":"2025-10-22T19:04:31+00:00","description":"Ponte en contacto con Beatriz Casta\u00f1eda D\u00edaz, creadora gr\u00e1fica visual, escribiendo a hello@bpuntostudio.com o Instagram @bpuntostudio.","breadcrumb":{"@id":"https:\/\/bpuntostudio.com\/contacto#breadcrumb"},"inLanguage":"en-GB","potentialAction":[{"@type":"ReadAction","target":["https:\/\/bpuntostudio.com\/contacto"]}]},{"@type":"BreadcrumbList","@id":"https:\/\/bpuntostudio.com\/contacto#breadcrumb","itemListElement":[{"@type":"ListItem","position":1,"name":"Portada","item":"https:\/\/bpuntostudio.com\/"},{"@type":"ListItem","position":2,"name":"Contacto"}]},{"@type":"WebSite","@id":"https:\/\/bpuntostudio.com\/#website","url":"https:\/\/bpuntostudio.com\/","name":"B(.)studio","description":"Graphic &amp; Visual Artist","publisher":{"@id":"https:\/\/bpuntostudio.com\/#\/schema\/person\/1ae0efb5cedd0aa0e8f3b3ba4912a64d"},"alternateName":"Beatriz Casta\u00f1eda D\u00edaz","potentialAction":[{"@type":"SearchAction","target":{"@type":"EntryPoint","urlTemplate":"https:\/\/bpuntostudio.com\/?s={search_term_string}"},"query-input":{"@type":"PropertyValueSpecification","valueRequired":true,"valueName":"search_term_string"}}],"inLanguage":"en-GB"},{"@type":["Person","Organization"],"@id":"https:\/\/bpuntostudio.com\/#\/schema\/person\/1ae0efb5cedd0aa0e8f3b3ba4912a64d","name":"Beatriz","image":{"@type":"ImageObject","inLanguage":"en-GB","@id":"https:\/\/bpuntostudio.com\/#\/schema\/person\/image\/","url":"http:\/\/bpuntostudio.com\/wp-content\/uploads\/2025\/02\/bpuntostudioLOGOTIPO_pequeno.png","contentUrl":"http:\/\/bpuntostudio.com\/wp-content\/uploads\/2025\/02\/bpuntostudioLOGOTIPO_pequeno.png","width":340,"height":103,"caption":"Beatriz"},"logo":{"@id":"https:\/\/bpuntostudio.com\/#\/schema\/person\/image\/"},"sameAs":["http:\/\/bpuntostudio.com"]}]}},"jetpack_sharing_enabled":true,"_links":{"self":[{"href":"https:\/\/bpuntostudio.com\/en\/wp-json\/wp\/v2\/pages\/1929","targetHints":{"allow":["GET"]}}],"collection":[{"href":"https:\/\/bpuntostudio.com\/en\/wp-json\/wp\/v2\/pages"}],"about":[{"href":"https:\/\/bpuntostudio.com\/en\/wp-json\/wp\/v2\/types\/page"}],"author":[{"embeddable":true,"href":"https:\/\/bpuntostudio.com\/en\/wp-json\/wp\/v2\/users\/1"}],"replies":[{"embeddable":true,"href":"https:\/\/bpuntostudio.com\/en\/wp-json\/wp\/v2\/comments?post=1929"}],"version-history":[{"count":181,"href":"https:\/\/bpuntostudio.com\/en\/wp-json\/wp\/v2\/pages\/1929\/revisions"}],"predecessor-version":[{"id":4745,"href":"https:\/\/bpuntostudio.com\/en\/wp-json\/wp\/v2\/pages\/1929\/revisions\/4745"}],"wp:attachment":[{"href":"https:\/\/bpuntostudio.com\/en\/wp-json\/wp\/v2\/media?parent=1929"}],"curies":[{"name":"wp","href":"https:\/\/api.w.org\/{rel}","templated":true}]}}