{"id":17,"date":"2021-04-26T07:21:59","date_gmt":"2021-04-26T07:21:59","guid":{"rendered":"https:\/\/qi84.qodeinteractive.com\/?page_id=17"},"modified":"2025-09-17T17:44:34","modified_gmt":"2025-09-17T17:44:34","slug":"inicio","status":"publish","type":"page","link":"https:\/\/bpuntostudio.com\/en\/","title":{"rendered":"Home"},"content":{"rendered":"<div data-elementor-type=\"wp-page\" data-elementor-id=\"17\" class=\"elementor elementor-17\">\n\t\t\t\t<div class=\"elementor-element elementor-element-4104792 e-con-full e-flex qodef-elementor-content-no e-con e-parent\" data-id=\"4104792\" data-element_type=\"container\" data-settings=\"{&quot;background_background&quot;:&quot;classic&quot;}\">\n\t\t<div class=\"elementor-element elementor-element-f7dec2e e-con-full e-flex qodef-elementor-content-no e-con e-child\" data-id=\"f7dec2e\" data-element_type=\"container\">\n\t\t\t\t<div class=\"elementor-element elementor-element-b9115e1 qodef-inline-hide-under--680 links-inter elementor-widget elementor-widget-qi_addons_for_elementor_interactive_link_showcase\" data-id=\"b9115e1\" data-element_type=\"widget\" data-widget_type=\"qi_addons_for_elementor_interactive_link_showcase.default\">\n\t\t\t\t<div class=\"elementor-widget-container\">\n\t\t\t\t\t<div class=\"qodef-shortcode qodef-m qodef-qi-interactive-link-showcase qodef-layout--inline qodef--full-height qodef-hover--underline\">\n\t<div class=\"qodef-m-items\">\n\t\t<a itemprop=\"url\" class=\"qodef-m-item qodef-e\" href=\"http:\/\/bpuntostudio.com\/en\/portfolio\/amsterdamcentral\/\" target=\"_self\">\n\t<span class=\"qodef-e-title\"><span class=\"qodef-e-inner-title\">AMSTERRRDAM CENTRAL<\/span><\/span>\n\t\t\t<span class=\"qodef-e-text\">01<\/span>\n\t<\/a>\n<a itemprop=\"url\" class=\"qodef-m-item qodef-e\" href=\"http:\/\/bpuntostudio.com\/en\/portfolio\/elbuenamor\/\" target=\"_self\">\n\t<span class=\"qodef-e-title\"><span class=\"qodef-e-inner-title\">EL BUEN AMOR<\/span><\/span>\n\t\t\t<span class=\"qodef-e-text\">02<\/span>\n\t<\/a>\n<a itemprop=\"url\" class=\"qodef-m-item qodef-e\" href=\"http:\/\/bpuntostudio.com\/en\/portfolio\/fleurs\/\" target=\"_self\">\n\t<span class=\"qodef-e-title\"><span class=\"qodef-e-inner-title\">FLEURS<\/span><\/span>\n\t\t\t<span class=\"qodef-e-text\">03<\/span>\n\t<\/a>\n<a itemprop=\"url\" class=\"qodef-m-item qodef-e\" href=\"http:\/\/bpuntostudio.com\/en\/portfolio\/meacuerdodeti\/\" target=\"_self\">\n\t<span class=\"qodef-e-title\"><span class=\"qodef-e-inner-title\">ME ACUERDO DE TI<\/span><\/span>\n\t\t\t<span class=\"qodef-e-text\">04<\/span>\n\t<\/a>\n<a itemprop=\"url\" class=\"qodef-m-item qodef-e\" href=\"http:\/\/bpuntostudio.com\/en\/portfolio\/alterednature\/\" target=\"_self\">\n\t<span class=\"qodef-e-title\"><span class=\"qodef-e-inner-title\">ALTERED NATURE<\/span><\/span>\n\t\t\t<span class=\"qodef-e-text\">05<\/span>\n\t<\/a>\n<a itemprop=\"url\" class=\"qodef-m-item qodef-e\" href=\"https:\/\/bpuntostudio.com\/en\/portfolio\/trace\/\" target=\"_self\">\n\t<span class=\"qodef-e-title\"><span class=\"qodef-e-inner-title\">TRACE<\/span><\/span>\n\t\t\t<span class=\"qodef-e-text\">06<\/span>\n\t<\/a>\n\t<\/div>\n\t<div class=\"qodef-m-images\">\n\t\t<div class=\"qodef-e-image qodef-position--left elementor-repeater-item-12941f8\">\n\t<img fetchpriority=\"high\" decoding=\"async\" width=\"2026\" height=\"770\" src=\"https:\/\/bpuntostudio.com\/wp-content\/uploads\/2025\/02\/h1_asterdamcentral.png\" class=\"attachment-full size-full\" alt=\"Amterrrdam Central\" srcset=\"https:\/\/bpuntostudio.com\/wp-content\/uploads\/2025\/02\/h1_asterdamcentral.png 2026w, https:\/\/bpuntostudio.com\/wp-content\/uploads\/2025\/02\/h1_asterdamcentral-600x228.png 600w, https:\/\/bpuntostudio.com\/wp-content\/uploads\/2025\/02\/h1_asterdamcentral-300x114.png 300w, https:\/\/bpuntostudio.com\/wp-content\/uploads\/2025\/02\/h1_asterdamcentral-1024x389.png 1024w, https:\/\/bpuntostudio.com\/wp-content\/uploads\/2025\/02\/h1_asterdamcentral-768x292.png 768w, https:\/\/bpuntostudio.com\/wp-content\/uploads\/2025\/02\/h1_asterdamcentral-1536x584.png 1536w\" sizes=\"(max-width: 2026px) 100vw, 2026px\" \/><\/div>\n<div class=\"qodef-e-image qodef-position--left elementor-repeater-item-b96bb51\">\n\t<img decoding=\"async\" width=\"1242\" height=\"681\" src=\"https:\/\/bpuntostudio.com\/wp-content\/uploads\/2025\/02\/h2_elbuenamor.png\" class=\"attachment-full size-full\" alt=\"El buen amor\" srcset=\"https:\/\/bpuntostudio.com\/wp-content\/uploads\/2025\/02\/h2_elbuenamor.png 1242w, https:\/\/bpuntostudio.com\/wp-content\/uploads\/2025\/02\/h2_elbuenamor-600x329.png 600w, https:\/\/bpuntostudio.com\/wp-content\/uploads\/2025\/02\/h2_elbuenamor-300x164.png 300w, https:\/\/bpuntostudio.com\/wp-content\/uploads\/2025\/02\/h2_elbuenamor-1024x561.png 1024w, https:\/\/bpuntostudio.com\/wp-content\/uploads\/2025\/02\/h2_elbuenamor-768x421.png 768w\" sizes=\"(max-width: 1242px) 100vw, 1242px\" \/><\/div>\n<div class=\"qodef-e-image qodef-position--left elementor-repeater-item-a786737\">\n\t<img decoding=\"async\" width=\"1183\" height=\"1639\" src=\"https:\/\/bpuntostudio.com\/wp-content\/uploads\/2025\/02\/h4_fleurs.jpg\" class=\"attachment-full size-full\" alt=\"Fleurs\" srcset=\"https:\/\/bpuntostudio.com\/wp-content\/uploads\/2025\/02\/h4_fleurs.jpg 1183w, https:\/\/bpuntostudio.com\/wp-content\/uploads\/2025\/02\/h4_fleurs-600x831.jpg 600w, https:\/\/bpuntostudio.com\/wp-content\/uploads\/2025\/02\/h4_fleurs-217x300.jpg 217w, https:\/\/bpuntostudio.com\/wp-content\/uploads\/2025\/02\/h4_fleurs-739x1024.jpg 739w, https:\/\/bpuntostudio.com\/wp-content\/uploads\/2025\/02\/h4_fleurs-768x1064.jpg 768w, https:\/\/bpuntostudio.com\/wp-content\/uploads\/2025\/02\/h4_fleurs-1109x1536.jpg 1109w\" sizes=\"(max-width: 1183px) 100vw, 1183px\" \/><\/div>\n<div class=\"qodef-e-image qodef-position--left elementor-repeater-item-972047c\">\n\t<img loading=\"lazy\" decoding=\"async\" width=\"1867\" height=\"1400\" src=\"https:\/\/bpuntostudio.com\/wp-content\/uploads\/2025\/02\/meacuerdodeti12.jpg\" class=\"attachment-full size-full\" alt=\"Me acuerdo de ti\" srcset=\"https:\/\/bpuntostudio.com\/wp-content\/uploads\/2025\/02\/meacuerdodeti12.jpg 1867w, https:\/\/bpuntostudio.com\/wp-content\/uploads\/2025\/02\/meacuerdodeti12-600x450.jpg 600w, https:\/\/bpuntostudio.com\/wp-content\/uploads\/2025\/02\/meacuerdodeti12-300x225.jpg 300w, https:\/\/bpuntostudio.com\/wp-content\/uploads\/2025\/02\/meacuerdodeti12-1024x768.jpg 1024w, https:\/\/bpuntostudio.com\/wp-content\/uploads\/2025\/02\/meacuerdodeti12-768x576.jpg 768w, https:\/\/bpuntostudio.com\/wp-content\/uploads\/2025\/02\/meacuerdodeti12-1536x1152.jpg 1536w\" sizes=\"(max-width: 1867px) 100vw, 1867px\" \/><\/div>\n<div class=\"qodef-e-image qodef-position--right elementor-repeater-item-d38e790\">\n\t<img loading=\"lazy\" decoding=\"async\" width=\"1408\" height=\"615\" src=\"https:\/\/bpuntostudio.com\/wp-content\/uploads\/2025\/02\/h3_alterednature2-1.png\" class=\"attachment-full size-full\" alt=\"Altered Nature\" srcset=\"https:\/\/bpuntostudio.com\/wp-content\/uploads\/2025\/02\/h3_alterednature2-1.png 1408w, https:\/\/bpuntostudio.com\/wp-content\/uploads\/2025\/02\/h3_alterednature2-1-600x262.png 600w, https:\/\/bpuntostudio.com\/wp-content\/uploads\/2025\/02\/h3_alterednature2-1-300x131.png 300w, https:\/\/bpuntostudio.com\/wp-content\/uploads\/2025\/02\/h3_alterednature2-1-1024x447.png 1024w, https:\/\/bpuntostudio.com\/wp-content\/uploads\/2025\/02\/h3_alterednature2-1-768x335.png 768w\" sizes=\"(max-width: 1408px) 100vw, 1408px\" \/><\/div>\n<div class=\"qodef-e-image qodef-position--right elementor-repeater-item-95a6881\">\n\t<img loading=\"lazy\" decoding=\"async\" width=\"1500\" height=\"2000\" src=\"https:\/\/bpuntostudio.com\/wp-content\/uploads\/2025\/06\/Trace_03.jpg\" class=\"attachment-full size-full\" alt=\"\" srcset=\"https:\/\/bpuntostudio.com\/wp-content\/uploads\/2025\/06\/Trace_03.jpg 1500w, https:\/\/bpuntostudio.com\/wp-content\/uploads\/2025\/06\/Trace_03-600x800.jpg 600w, https:\/\/bpuntostudio.com\/wp-content\/uploads\/2025\/06\/Trace_03-225x300.jpg 225w, https:\/\/bpuntostudio.com\/wp-content\/uploads\/2025\/06\/Trace_03-768x1024.jpg 768w, https:\/\/bpuntostudio.com\/wp-content\/uploads\/2025\/06\/Trace_03-1152x1536.jpg 1152w, https:\/\/bpuntostudio.com\/wp-content\/uploads\/2025\/06\/Trace_03-9x12.jpg 9w\" sizes=\"(max-width: 1500px) 100vw, 1500px\" \/><\/div>\n\t<\/div>\n<\/div>\n\t\t\t\t<\/div>\n\t\t\t\t<\/div>\n\t\t\t\t<\/div>\n\t\t\t\t<\/div>\n\t\t<div class=\"elementor-element elementor-element-8024e82 e-con-full footer-spray e-flex qodef-elementor-content-no e-con e-parent\" data-id=\"8024e82\" data-element_type=\"container\">\n\t\t\t\t<div class=\"elementor-element elementor-element-7418edc elementor-widget elementor-widget-qi_addons_for_elementor_section_title\" data-id=\"7418edc\" data-element_type=\"widget\" data-widget_type=\"qi_addons_for_elementor_section_title.default\">\n\t\t\t\t<div class=\"elementor-widget-container\">\n\t\t\t\t\t<div class=\"qodef-shortcode qodef-m qodef-qi-section-title qodef-decoration--italic qodef-link--underline-draw qodef-subtitle-icon--left\">\n\t\t\t\t\t\t\t\t<div class=\"qodef-m-text\"><p><span style=\"margin-right: 5px\"><a href=\"https:\/\/www.instagram.com\/bpuntostudio\/\" target=\"_blank\" rel=\"noopener\">\u2661 Instagram<\/a>\u00a0 \u00a0 <a href=\"https:\/\/bpuntostudio.com\/en\/terminos-condiciones\/\">\ud80c\udd32 T\u00e9rminos &amp; Condiciones<\/a><\/span><\/p><\/div>\n\t<\/div>\n\t\t\t\t<\/div>\n\t\t\t\t<\/div>\n\t\t\t\t<div class=\"elementor-element elementor-element-8147dd0 clash1footer elementor-widget elementor-widget-heading\" data-id=\"8147dd0\" data-element_type=\"widget\" data-widget_type=\"heading.default\">\n\t\t\t\t<div class=\"elementor-widget-container\">\n\t\t\t\t\t<div class=\"elementor-heading-title elementor-size-default\"><span>\u00a9<\/span> 2025 <h1>bpuntostudio<\/h1>.com <\/div>\t\t\t\t<\/div>\n\t\t\t\t<\/div>\n\t\t\t\t<\/div>\n\t\t\t\t<\/div>","protected":false},"excerpt":{"rendered":"<p>AMSTERRRDAM CENTRAL 01 EL BUEN AMOR 02 FLEURS 03 ME ACUERDO DE TI 04 ALTERED NATURE 05 TRACE 06 \u2661 Instagram\u00a0 \u00a0 \ud80c\udd32 T\u00e9rminos &amp; Condiciones \u00a9 2025 bpuntostudio .com<\/p>","protected":false},"author":1,"featured_media":2932,"parent":0,"menu_order":0,"comment_status":"closed","ping_status":"closed","template":"elementor_header_footer","meta":{"footnotes":""},"class_list":["post-17","page","type-page","status-publish","has-post-thumbnail","hentry"],"yoast_head":"<!-- This site is optimized with the Yoast SEO plugin v27.4 - https:\/\/yoast.com\/product\/yoast-seo-wordpress\/ -->\n<title>B(.)studio \u2013 Obra gr\u00e1fica de Beatriz Casta\u00f1eda D\u00edaz<\/title>\n<meta name=\"description\" content=\"B(.)studio. Obra gr\u00e1fica de Beatriz Casta\u00f1eda D\u00edaz donde integra t\u00e9cnicas gr\u00e1ficas tradicionales y digitales, serigraf\u00eda y papel artesanal.\" \/>\n<meta name=\"robots\" content=\"index, follow, max-snippet:-1, max-image-preview:large, max-video-preview:-1\" \/>\n<link rel=\"canonical\" href=\"https:\/\/bpuntostudio.com\/en\/\" \/>\n<meta property=\"og:locale\" content=\"en_GB\" \/>\n<meta property=\"og:type\" content=\"article\" \/>\n<meta property=\"og:title\" content=\"B(.)studio \u2013 Obra gr\u00e1fica de Beatriz Casta\u00f1eda D\u00edaz\" \/>\n<meta property=\"og:description\" content=\"B(.)studio. Obra gr\u00e1fica de Beatriz Casta\u00f1eda D\u00edaz donde integra t\u00e9cnicas gr\u00e1ficas tradicionales y digitales, serigraf\u00eda y papel artesanal.\" \/>\n<meta property=\"og:url\" content=\"https:\/\/bpuntostudio.com\/en\/\" \/>\n<meta property=\"og:site_name\" content=\"B(.)studio\" \/>\n<meta property=\"article:modified_time\" content=\"2025-09-17T17:44:34+00:00\" \/>\n<meta property=\"og:image\" content=\"https:\/\/bpuntostudio.com\/wp-content\/uploads\/2025\/02\/cursorin-1.png\" \/>\n\t<meta property=\"og:image:width\" content=\"128\" \/>\n\t<meta property=\"og:image:height\" content=\"120\" \/>\n\t<meta property=\"og:image:type\" content=\"image\/png\" \/>\n<meta name=\"twitter:card\" content=\"summary_large_image\" \/>\n<meta name=\"twitter:label1\" content=\"Estimated reading time\" \/>\n\t<meta name=\"twitter:data1\" content=\"2 minutes\" \/>\n<script type=\"application\/ld+json\" class=\"yoast-schema-graph\">{\"@context\":\"https:\\\/\\\/schema.org\",\"@graph\":[{\"@type\":\"WebPage\",\"@id\":\"https:\\\/\\\/bpuntostudio.com\\\/\",\"url\":\"https:\\\/\\\/bpuntostudio.com\\\/\",\"name\":\"B(.)studio \u2013 Obra gr\u00e1fica de Beatriz Casta\u00f1eda D\u00edaz\",\"isPartOf\":{\"@id\":\"https:\\\/\\\/bpuntostudio.com\\\/#website\"},\"primaryImageOfPage\":{\"@id\":\"https:\\\/\\\/bpuntostudio.com\\\/#primaryimage\"},\"image\":{\"@id\":\"https:\\\/\\\/bpuntostudio.com\\\/#primaryimage\"},\"thumbnailUrl\":\"https:\\\/\\\/bpuntostudio.com\\\/wp-content\\\/uploads\\\/2025\\\/02\\\/cursorin-1.png\",\"datePublished\":\"2021-04-26T07:21:59+00:00\",\"dateModified\":\"2025-09-17T17:44:34+00:00\",\"description\":\"B(.)studio. Obra gr\u00e1fica de Beatriz Casta\u00f1eda D\u00edaz donde integra t\u00e9cnicas gr\u00e1ficas tradicionales y digitales, serigraf\u00eda y papel artesanal.\",\"breadcrumb\":{\"@id\":\"https:\\\/\\\/bpuntostudio.com\\\/#breadcrumb\"},\"inLanguage\":\"en-GB\",\"potentialAction\":[{\"@type\":\"ReadAction\",\"target\":[\"https:\\\/\\\/bpuntostudio.com\\\/\"]}]},{\"@type\":\"ImageObject\",\"inLanguage\":\"en-GB\",\"@id\":\"https:\\\/\\\/bpuntostudio.com\\\/#primaryimage\",\"url\":\"https:\\\/\\\/bpuntostudio.com\\\/wp-content\\\/uploads\\\/2025\\\/02\\\/cursorin-1.png\",\"contentUrl\":\"https:\\\/\\\/bpuntostudio.com\\\/wp-content\\\/uploads\\\/2025\\\/02\\\/cursorin-1.png\",\"width\":128,\"height\":120},{\"@type\":\"BreadcrumbList\",\"@id\":\"https:\\\/\\\/bpuntostudio.com\\\/#breadcrumb\",\"itemListElement\":[{\"@type\":\"ListItem\",\"position\":1,\"name\":\"Portada\",\"item\":\"https:\\\/\\\/bpuntostudio.com\\\/\"},{\"@type\":\"ListItem\",\"position\":2,\"name\":\"Home\"}]},{\"@type\":\"WebSite\",\"@id\":\"https:\\\/\\\/bpuntostudio.com\\\/#website\",\"url\":\"https:\\\/\\\/bpuntostudio.com\\\/\",\"name\":\"B(.)studio\",\"description\":\"Graphic &amp; Visual Artist\",\"publisher\":{\"@id\":\"https:\\\/\\\/bpuntostudio.com\\\/#\\\/schema\\\/person\\\/1ae0efb5cedd0aa0e8f3b3ba4912a64d\"},\"alternateName\":\"Beatriz Casta\u00f1eda D\u00edaz\",\"potentialAction\":[{\"@type\":\"SearchAction\",\"target\":{\"@type\":\"EntryPoint\",\"urlTemplate\":\"https:\\\/\\\/bpuntostudio.com\\\/?s={search_term_string}\"},\"query-input\":{\"@type\":\"PropertyValueSpecification\",\"valueRequired\":true,\"valueName\":\"search_term_string\"}}],\"inLanguage\":\"en-GB\"},{\"@type\":[\"Person\",\"Organization\"],\"@id\":\"https:\\\/\\\/bpuntostudio.com\\\/#\\\/schema\\\/person\\\/1ae0efb5cedd0aa0e8f3b3ba4912a64d\",\"name\":\"Beatriz\",\"image\":{\"@type\":\"ImageObject\",\"inLanguage\":\"en-GB\",\"@id\":\"http:\\\/\\\/bpuntostudio.com\\\/wp-content\\\/uploads\\\/2025\\\/02\\\/bpuntostudioLOGOTIPO_pequeno.png\",\"url\":\"http:\\\/\\\/bpuntostudio.com\\\/wp-content\\\/uploads\\\/2025\\\/02\\\/bpuntostudioLOGOTIPO_pequeno.png\",\"contentUrl\":\"http:\\\/\\\/bpuntostudio.com\\\/wp-content\\\/uploads\\\/2025\\\/02\\\/bpuntostudioLOGOTIPO_pequeno.png\",\"width\":340,\"height\":103,\"caption\":\"Beatriz\"},\"logo\":{\"@id\":\"http:\\\/\\\/bpuntostudio.com\\\/wp-content\\\/uploads\\\/2025\\\/02\\\/bpuntostudioLOGOTIPO_pequeno.png\"},\"sameAs\":[\"http:\\\/\\\/bpuntostudio.com\"]}]}<\/script>\n<!-- \/ Yoast SEO plugin. -->","yoast_head_json":{"title":"B(.)studio \u2013 Obra gr\u00e1fica de Beatriz Casta\u00f1eda D\u00edaz","description":"B(.)studio. Obra gr\u00e1fica de Beatriz Casta\u00f1eda D\u00edaz donde integra t\u00e9cnicas gr\u00e1ficas tradicionales y digitales, serigraf\u00eda y papel artesanal.","robots":{"index":"index","follow":"follow","max-snippet":"max-snippet:-1","max-image-preview":"max-image-preview:large","max-video-preview":"max-video-preview:-1"},"canonical":"https:\/\/bpuntostudio.com\/en\/","og_locale":"en_GB","og_type":"article","og_title":"B(.)studio \u2013 Obra gr\u00e1fica de Beatriz Casta\u00f1eda D\u00edaz","og_description":"B(.)studio. Obra gr\u00e1fica de Beatriz Casta\u00f1eda D\u00edaz donde integra t\u00e9cnicas gr\u00e1ficas tradicionales y digitales, serigraf\u00eda y papel artesanal.","og_url":"https:\/\/bpuntostudio.com\/en\/","og_site_name":"B(.)studio","article_modified_time":"2025-09-17T17:44:34+00:00","og_image":[{"width":128,"height":120,"url":"https:\/\/bpuntostudio.com\/wp-content\/uploads\/2025\/02\/cursorin-1.png","type":"image\/png"}],"twitter_card":"summary_large_image","twitter_misc":{"Estimated reading time":"2 minutes"},"schema":{"@context":"https:\/\/schema.org","@graph":[{"@type":"WebPage","@id":"https:\/\/bpuntostudio.com\/","url":"https:\/\/bpuntostudio.com\/","name":"B(.)studio \u2013 Obra gr\u00e1fica de Beatriz Casta\u00f1eda D\u00edaz","isPartOf":{"@id":"https:\/\/bpuntostudio.com\/#website"},"primaryImageOfPage":{"@id":"https:\/\/bpuntostudio.com\/#primaryimage"},"image":{"@id":"https:\/\/bpuntostudio.com\/#primaryimage"},"thumbnailUrl":"https:\/\/bpuntostudio.com\/wp-content\/uploads\/2025\/02\/cursorin-1.png","datePublished":"2021-04-26T07:21:59+00:00","dateModified":"2025-09-17T17:44:34+00:00","description":"B(.)studio. Obra gr\u00e1fica de Beatriz Casta\u00f1eda D\u00edaz donde integra t\u00e9cnicas gr\u00e1ficas tradicionales y digitales, serigraf\u00eda y papel artesanal.","breadcrumb":{"@id":"https:\/\/bpuntostudio.com\/#breadcrumb"},"inLanguage":"en-GB","potentialAction":[{"@type":"ReadAction","target":["https:\/\/bpuntostudio.com\/"]}]},{"@type":"ImageObject","inLanguage":"en-GB","@id":"https:\/\/bpuntostudio.com\/#primaryimage","url":"https:\/\/bpuntostudio.com\/wp-content\/uploads\/2025\/02\/cursorin-1.png","contentUrl":"https:\/\/bpuntostudio.com\/wp-content\/uploads\/2025\/02\/cursorin-1.png","width":128,"height":120},{"@type":"BreadcrumbList","@id":"https:\/\/bpuntostudio.com\/#breadcrumb","itemListElement":[{"@type":"ListItem","position":1,"name":"Portada","item":"https:\/\/bpuntostudio.com\/"},{"@type":"ListItem","position":2,"name":"Home"}]},{"@type":"WebSite","@id":"https:\/\/bpuntostudio.com\/#website","url":"https:\/\/bpuntostudio.com\/","name":"B(.)studio","description":"Graphic &amp; Visual Artist","publisher":{"@id":"https:\/\/bpuntostudio.com\/#\/schema\/person\/1ae0efb5cedd0aa0e8f3b3ba4912a64d"},"alternateName":"Beatriz Casta\u00f1eda D\u00edaz","potentialAction":[{"@type":"SearchAction","target":{"@type":"EntryPoint","urlTemplate":"https:\/\/bpuntostudio.com\/?s={search_term_string}"},"query-input":{"@type":"PropertyValueSpecification","valueRequired":true,"valueName":"search_term_string"}}],"inLanguage":"en-GB"},{"@type":["Person","Organization"],"@id":"https:\/\/bpuntostudio.com\/#\/schema\/person\/1ae0efb5cedd0aa0e8f3b3ba4912a64d","name":"Beatriz","image":{"@type":"ImageObject","inLanguage":"en-GB","@id":"http:\/\/bpuntostudio.com\/wp-content\/uploads\/2025\/02\/bpuntostudioLOGOTIPO_pequeno.png","url":"http:\/\/bpuntostudio.com\/wp-content\/uploads\/2025\/02\/bpuntostudioLOGOTIPO_pequeno.png","contentUrl":"http:\/\/bpuntostudio.com\/wp-content\/uploads\/2025\/02\/bpuntostudioLOGOTIPO_pequeno.png","width":340,"height":103,"caption":"Beatriz"},"logo":{"@id":"http:\/\/bpuntostudio.com\/wp-content\/uploads\/2025\/02\/bpuntostudioLOGOTIPO_pequeno.png"},"sameAs":["http:\/\/bpuntostudio.com"]}]}},"jetpack_sharing_enabled":true,"_links":{"self":[{"href":"https:\/\/bpuntostudio.com\/en\/wp-json\/wp\/v2\/pages\/17","targetHints":{"allow":["GET"]}}],"collection":[{"href":"https:\/\/bpuntostudio.com\/en\/wp-json\/wp\/v2\/pages"}],"about":[{"href":"https:\/\/bpuntostudio.com\/en\/wp-json\/wp\/v2\/types\/page"}],"author":[{"embeddable":true,"href":"https:\/\/bpuntostudio.com\/en\/wp-json\/wp\/v2\/users\/1"}],"replies":[{"embeddable":true,"href":"https:\/\/bpuntostudio.com\/en\/wp-json\/wp\/v2\/comments?post=17"}],"version-history":[{"count":473,"href":"https:\/\/bpuntostudio.com\/en\/wp-json\/wp\/v2\/pages\/17\/revisions"}],"predecessor-version":[{"id":4709,"href":"https:\/\/bpuntostudio.com\/en\/wp-json\/wp\/v2\/pages\/17\/revisions\/4709"}],"wp:featuredmedia":[{"embeddable":true,"href":"https:\/\/bpuntostudio.com\/en\/wp-json\/wp\/v2\/media\/2932"}],"wp:attachment":[{"href":"https:\/\/bpuntostudio.com\/en\/wp-json\/wp\/v2\/media?parent=17"}],"curies":[{"name":"wp","href":"https:\/\/api.w.org\/{rel}","templated":true}]}}